{"id":63,"date":"2016-02-07T16:46:21","date_gmt":"2016-02-07T14:46:21","guid":{"rendered":"http:\/\/www.aygunmobilya.com\/?page_id=63"},"modified":"2025-02-14T12:21:05","modified_gmt":"2025-02-14T09:21:05","slug":"bize-ulasin","status":"publish","type":"page","link":"https:\/\/www.aygunmobilya.com\/en\/bize-ulasin\/","title":{"rendered":"Contact Us"},"content":{"rendered":"<section class=\"wpb-content-wrapper\"><p>[vc_row full_width=&#8221;stretch_row_content_no_spaces&#8221; css=&#8221;.vc_custom_1454856775883{margin-top: -20px !important;}&#8221;][vc_column][vc_column_text]<iframe loading=\"lazy\" style=\"border: 0;\" src=\"https:\/\/www.google.com\/maps\/embed?pb=!1m18!1m12!1m3!1d3007.512805712199!2d28.796670315849923!3d41.07964097929374!2m3!1f0!2f0!3f0!3m2!1i1024!2i768!4f13.1!3m3!1m2!1s0x14caa58833ffc311%3A0xdd3a10e4c88c300f!2sAyg%C3%BCn%20Mobilya!5e0!3m2!1str!2str!4v1571921752163!5m2!1str!2str\" width=\"100%\" height=\"450\" frameborder=\"0\" allowfullscreen=\"allowfullscreen\"><\/iframe>[\/vc_column_text][\/vc_column][\/vc_row][vc_row section_skin=&#8221;parallax&#8221; css=&#8221;.vc_custom_1454856783717{margin-top: -20px !important;}&#8221;][vc_column width=&#8221;1\/2&#8243; css=&#8221;.vc_custom_1452113500234{background-color: #ffffff !important;background-position: 0 0 !important;background-repeat: repeat !important;}&#8221;][vc_custom_heading text=&#8221;\u0130leti\u015fim <strong>Formu<\/strong>&#8221; font_container=&#8221;tag:h4|text_align:left&#8221; use_theme_fonts=&#8221;yes&#8221; skin=&#8221;primary&#8221;]\n<div class=\"wpcf7 no-js\" id=\"wpcf7-f4-o2\" lang=\"tr-TR\" dir=\"ltr\">\n<div class=\"screen-reader-response\"><p role=\"status\" aria-live=\"polite\" aria-atomic=\"true\"><\/p> <ul><\/ul><\/div>\n<form action=\"\/en\/wp-json\/wp\/v2\/pages\/63#wpcf7-f4-o2\" method=\"post\" class=\"wpcf7-form init\" aria-label=\"Contact form\" novalidate=\"novalidate\" data-status=\"init\">\n<div style=\"display: none;\">\n<input type=\"hidden\" name=\"_wpcf7\" value=\"4\" \/>\n<input type=\"hidden\" name=\"_wpcf7_version\" value=\"5.7.7\" \/>\n<input type=\"hidden\" name=\"_wpcf7_locale\" value=\"tr_TR\" \/>\n<input type=\"hidden\" name=\"_wpcf7_unit_tag\" value=\"wpcf7-f4-o2\" \/>\n<input type=\"hidden\" name=\"_wpcf7_container_post\" value=\"0\" \/>\n<input type=\"hidden\" name=\"_wpcf7_posted_data_hash\" value=\"\" \/>\n<\/div>\n<p>Ad\u0131n\u0131z Soyad\u0131n\u0131z (*)\n<\/p>\n<p><span class=\"wpcf7-form-control-wrap\" data-name=\"your-name\"><input size=\"40\" class=\"wpcf7-form-control wpcf7-text wpcf7-validates-as-required\" aria-required=\"true\" aria-invalid=\"false\" value=\"\" type=\"text\" name=\"your-name\" \/><\/span>\n<\/p>\n<p>Eposta Adresiniz (*)\n<\/p>\n<p><span class=\"wpcf7-form-control-wrap\" data-name=\"your-email\"><input size=\"40\" class=\"wpcf7-form-control wpcf7-text wpcf7-email wpcf7-validates-as-required wpcf7-validates-as-email\" aria-required=\"true\" aria-invalid=\"false\" value=\"\" type=\"email\" name=\"your-email\" \/><\/span>\n<\/p>\n<p>Telefon Numaran\u0131z (*)\n<\/p>\n<p><span class=\"wpcf7-form-control-wrap\" data-name=\"tel-293\"><input size=\"40\" class=\"wpcf7-form-control wpcf7-text wpcf7-tel wpcf7-validates-as-required wpcf7-validates-as-tel\" aria-required=\"true\" aria-invalid=\"false\" value=\"\" type=\"tel\" name=\"tel-293\" \/><\/span>\n<\/p>\n<p>Konu\n<\/p>\n<p><span class=\"wpcf7-form-control-wrap\" data-name=\"your-subject\"><input size=\"40\" class=\"wpcf7-form-control wpcf7-text\" aria-invalid=\"false\" value=\"\" type=\"text\" name=\"your-subject\" \/><\/span>\n<\/p>\n<p>Mesaj\u0131n\u0131z\n<\/p>\n<p><span class=\"wpcf7-form-control-wrap\" data-name=\"your-message\"><textarea cols=\"40\" rows=\"10\" class=\"wpcf7-form-control wpcf7-textarea\" aria-invalid=\"false\" name=\"your-message\"><\/textarea><\/span>\n<\/p>\n<p><input class=\"wpcf7-form-control has-spinner wpcf7-submit\" type=\"submit\" value=\"G\u00f6nder\" \/>\n<\/p>\n<p>(*) ile i\u015faretli alanlar\u0131n doldurulmas\u0131 zorunludur.\n<\/p><div class=\"wpcf7-response-output\" aria-hidden=\"true\"><\/div>\n<\/form>\n<\/div>\n[\/vc_column][vc_column width=&#8221;1\/2&#8243;][vc_custom_heading text=&#8221;\u0130leti\u015fim <strong>Bilgileri<\/strong>&#8221; font_container=&#8221;tag:h4|text_align:left&#8221; use_theme_fonts=&#8221;yes&#8221; skin=&#8221;primary&#8221;][vc_column_text]\u0130leti\u015fim formunu kullanarak bizimle ileti\u015fime ge\u00e7ebilir, istek, \u00f6neri, soru ve g\u00f6r\u00fc\u015flerinizi bizlere online bir \u015fekilde iletebilirsiniz. L\u00fctfen formu d\u00fczg\u00fcn ve eksiksiz doldurmaya \u00f6zen g\u00f6steriniz..<\/p>\n<p>Size en k\u0131sa zamanda d\u00f6n\u00fc\u015f yapaca\u011f\u0131z.[\/vc_column_text][vc_separator color=&#8221;custom&#8221; gradient=&#8221;yes&#8221;][vc_custom_heading text=&#8221;Ula\u015f\u0131m <strong>Bilgileri<\/strong>&#8221; font_container=&#8221;tag:h4|text_align:left&#8221; use_theme_fonts=&#8221;yes&#8221; skin=&#8221;primary&#8221;][vc_separator color=&#8221;custom&#8221; gradient=&#8221;yes&#8221;][vc_column_text]I\u0307ki\u0307telli\u0307 Osb Mah. \u00c7evre 15.blok Sk. \u00c7evre Sanayi\u0307 Si\u0307tesi\u0307 No:1 I\u0307\u00e7 Kap\u0131 No: 5 Ba\u015fak\u015fehi\u0307r\/\u0130stanbul \u2013 T\u00dcRK\u0130YE<\/p>\n<p>Telefon: +90 212 671 37 91<br \/>\nTelefon: +90 212 671 37 92<br \/>\nTelefon: +90 212 549 51 23<br \/>\nMobil: +90 533 684 38 19<br \/>\nMobil: +90 531 396 92 54<br \/>\nFaks: +90 212 671 37 93<br \/>\nE-Mail: info@aygunmobilya.com[\/vc_column_text][vc_custom_heading text=&#8221;\u00c7al\u0131\u015fma <strong>Saatleri<\/strong>&#8221; font_container=&#8221;tag:h4|text_align:left&#8221; use_theme_fonts=&#8221;yes&#8221; skin=&#8221;primary&#8221;][vc_column_text]Hafta i\u00e7i: 08:00 \u2013 18:30<br \/>\nHafta sonu: Kapal\u0131[\/vc_column_text][\/vc_column][\/vc_row]<\/p>\n<\/section>","protected":false},"excerpt":{"rendered":"<p>[vc_row full_width=&#8221;stretch_row_content_no_spaces&#8221; css=&#8221;.vc_custom_1454856775883{margin-top: -20px !important;}&#8221;][vc_column][vc_column_text][\/vc_column_text][\/vc_column][\/vc_row][vc_row section_skin=&#8221;parallax&#8221; css=&#8221;.vc_custom_1454856783717{margin-top: -20px !important;}&#8221;][vc_column width=&#8221;1\/2&#8243; css=&#8221;.vc_custom_1452113500234{background-color: #ffffff !important;background-position: 0 0 !important;background-repeat: repeat !important;}&#8221;][vc_custom_heading text=&#8221;\u0130leti\u015fim Formu&#8221; font_container=&#8221;tag:h4|text_align:left&#8221; use_theme_fonts=&#8221;yes&#8221; skin=&#8221;primary&#8221;][\/vc_column][vc_column width=&#8221;1\/2&#8243;][vc_custom_heading text=&#8221;\u0130leti\u015fim Bilgileri&#8221; font_container=&#8221;tag:h4|text_align:left&#8221; use_theme_fonts=&#8221;yes&#8221; skin=&#8221;primary&#8221;][vc_column_text]\u0130leti\u015fim formunu kullanarak bizimle ileti\u015fime ge\u00e7ebilir, istek, \u00f6neri, soru ve g\u00f6r\u00fc\u015flerinizi bizlere online bir \u015fekilde iletebilirsiniz. L\u00fctfen formu d\u00fczg\u00fcn ve eksiksiz doldurmaya \u00f6zen g\u00f6steriniz.. Size en k\u0131sa [&hellip;]<\/p>\n","protected":false},"author":1,"featured_media":0,"parent":0,"menu_order":0,"comment_status":"closed","ping_status":"closed","template":"","meta":[],"aioseo_notices":[],"_links":{"self":[{"href":"https:\/\/www.aygunmobilya.com\/en\/wp-json\/wp\/v2\/pages\/63"}],"collection":[{"href":"https:\/\/www.aygunmobilya.com\/en\/wp-json\/wp\/v2\/pages"}],"about":[{"href":"https:\/\/www.aygunmobilya.com\/en\/wp-json\/wp\/v2\/types\/page"}],"author":[{"embeddable":true,"href":"https:\/\/www.aygunmobilya.com\/en\/wp-json\/wp\/v2\/users\/1"}],"replies":[{"embeddable":true,"href":"https:\/\/www.aygunmobilya.com\/en\/wp-json\/wp\/v2\/comments?post=63"}],"version-history":[{"count":5,"href":"https:\/\/www.aygunmobilya.com\/en\/wp-json\/wp\/v2\/pages\/63\/revisions"}],"predecessor-version":[{"id":343,"href":"https:\/\/www.aygunmobilya.com\/en\/wp-json\/wp\/v2\/pages\/63\/revisions\/343"}],"wp:attachment":[{"href":"https:\/\/www.aygunmobilya.com\/en\/wp-json\/wp\/v2\/media?parent=63"}],"curies":[{"name":"wp","href":"https:\/\/api.w.org\/{rel}","templated":true}]}}