{"id":42,"date":"2016-02-06T16:37:20","date_gmt":"2016-02-06T14:37:20","guid":{"rendered":"http:\/\/www.aygunmobilya.com\/?page_id=42"},"modified":"2019-10-24T15:59:06","modified_gmt":"2019-10-24T12:59:06","slug":"misyon-vizyon","status":"publish","type":"page","link":"https:\/\/www.aygunmobilya.com\/en\/misyon-vizyon\/","title":{"rendered":"Mission &#038; Vision"},"content":{"rendered":"<section class=\"wpb-content-wrapper\"><p>[vc_row][vc_column][vc_column_text]<img decoding=\"async\" loading=\"lazy\" class=\"alignnone size-full wp-image-39\" src=\"http:\/\/www.aygunmobilya.com\/wp-content\/uploads\/2016\/02\/hakkimizda-about_us.jpg\" alt=\"Ayg\u00fcn Mobilya - Hakk\u0131m\u0131zda\" width=\"1004\" height=\"389\" srcset=\"https:\/\/www.aygunmobilya.com\/wp-content\/uploads\/2016\/02\/hakkimizda-about_us.jpg 1004w, https:\/\/www.aygunmobilya.com\/wp-content\/uploads\/2016\/02\/hakkimizda-about_us-768x298.jpg 768w, https:\/\/www.aygunmobilya.com\/wp-content\/uploads\/2016\/02\/hakkimizda-about_us-600x232.jpg 600w\" sizes=\"(max-width: 1004px) 100vw, 1004px\" \/>[\/vc_column_text][vc_text_separator title=&#8221;Mission &amp; Vision&#8221;][vc_column_text]1982 y\u0131l\u0131nda Ahmet Ayg\u00fcn taraf\u0131ndan temelleri at\u0131lan Ayg\u00fcn mobilya klasik ah\u015fap mobilya alan\u0131nda hizmet vermeye ba\u015flam\u0131\u015ft\u0131r.<\/p>\n<p>1990 y\u0131l\u0131nda ko\u00e7 Amerikan bank ile ofis mobilyalar\u0131 alan\u0131nda \u2018da hizmet vermeye ba\u015flayan firmam\u0131z bu tarihten sonra \u00fcretim a\u011f\u0131rl\u0131\u011f\u0131n\u0131 ofis mobilyalar\u0131na vermi\u015ftir.\u00a02010 y\u0131l\u0131nda yeniden yap\u0131lanmaya giderek \u00fcretim band\u0131n\u0131 geli\u015ftirmi\u015f ofis, hastane otel gibi mobilya dekorasyonun bulundu\u011fu di\u011fer alanlarda \u2018da hizmet vermeye ba\u015flam\u0131\u015ft\u0131r.<\/p>\n<p>Geli\u015fen teknolojiyle beraber her ge\u00e7en g\u00fcn kendini yenileyen Ayg\u00fcn sekt\u00f6r\u00fcnde say\u0131l\u0131 firmalar aras\u0131na girmeyi ba\u015farm\u0131\u015ft\u0131r. \u00c7e\u015fitli mimarl\u0131k firmalar\u0131 ve de\u011ferli i\u015f ortaklar\u0131yla beraber yurt i\u00e7i ve yurt d\u0131\u015f\u0131nda projeler y\u00fcr\u00fctmeye devam etmektedir.[\/vc_column_text][\/vc_column][\/vc_row]<\/p>\n<\/section>","protected":false},"excerpt":{"rendered":"<p>[vc_row][vc_column][vc_column_text][\/vc_column_text][vc_text_separator title=&#8221;Mission &amp; Vision&#8221;][vc_column_text]1982 y\u0131l\u0131nda Ahmet Ayg\u00fcn taraf\u0131ndan temelleri at\u0131lan Ayg\u00fcn mobilya klasik ah\u015fap mobilya alan\u0131nda hizmet vermeye ba\u015flam\u0131\u015ft\u0131r. 1990 y\u0131l\u0131nda ko\u00e7 Amerikan bank ile ofis mobilyalar\u0131 alan\u0131nda \u2018da hizmet vermeye ba\u015flayan firmam\u0131z bu tarihten sonra \u00fcretim a\u011f\u0131rl\u0131\u011f\u0131n\u0131 ofis mobilyalar\u0131na vermi\u015ftir.\u00a02010 y\u0131l\u0131nda yeniden yap\u0131lanmaya giderek \u00fcretim band\u0131n\u0131 geli\u015ftirmi\u015f ofis, hastane otel gibi mobilya dekorasyonun bulundu\u011fu [&hellip;]<\/p>\n","protected":false},"author":1,"featured_media":0,"parent":0,"menu_order":0,"comment_status":"closed","ping_status":"closed","template":"","meta":[],"aioseo_notices":[],"_links":{"self":[{"href":"https:\/\/www.aygunmobilya.com\/en\/wp-json\/wp\/v2\/pages\/42"}],"collection":[{"href":"https:\/\/www.aygunmobilya.com\/en\/wp-json\/wp\/v2\/pages"}],"about":[{"href":"https:\/\/www.aygunmobilya.com\/en\/wp-json\/wp\/v2\/types\/page"}],"author":[{"embeddable":true,"href":"https:\/\/www.aygunmobilya.com\/en\/wp-json\/wp\/v2\/users\/1"}],"replies":[{"embeddable":true,"href":"https:\/\/www.aygunmobilya.com\/en\/wp-json\/wp\/v2\/comments?post=42"}],"version-history":[{"count":0,"href":"https:\/\/www.aygunmobilya.com\/en\/wp-json\/wp\/v2\/pages\/42\/revisions"}],"wp:attachment":[{"href":"https:\/\/www.aygunmobilya.com\/en\/wp-json\/wp\/v2\/media?parent=42"}],"curies":[{"name":"wp","href":"https:\/\/api.w.org\/{rel}","templated":true}]}}