{"id":2,"date":"2016-02-04T10:38:01","date_gmt":"2016-02-04T08:38:01","guid":{"rendered":"http:\/\/www.aygunmobilya.com\/?page_id=2"},"modified":"2019-10-24T16:25:21","modified_gmt":"2019-10-24T13:25:21","slug":"ornek-sayfa","status":"publish","type":"page","link":"https:\/\/www.aygunmobilya.com\/en\/","title":{"rendered":"Anasayfa"},"content":{"rendered":"<section class=\"wpb-content-wrapper\"><p>[vc_row full_width=&#8221;stretch_row_content_no_spaces&#8221; css=&#8221;.vc_custom_1571923504001{margin-top: -20px !important;}&#8221;][vc_column][vc_images_carousel images=&#8221;14,16,13,12&#8243; img_size=&#8221;1920&#215;780&#8243; onclick=&#8221;link_no&#8221; autoplay=&#8221;yes&#8221;][\/vc_column][\/vc_row][vc_row css=&#8221;.vc_custom_1455291626669{margin-bottom: -40px !important;}&#8221;][vc_column width=&#8221;1\/6&#8243;][vc_column_text]<\/p>\n<h4 style=\"text-align: center;\"><strong>\u00c7\u00f6z\u00fcm<\/strong><br \/>\n<strong> Ortaklar\u0131m\u0131z<\/strong><\/h4>\n<p>[\/vc_column_text][\/vc_column][vc_column width=&#8221;5\/6&#8243;][vc_row_inner][vc_column_inner width=&#8221;1\/3&#8243;][vc_column_text]<img decoding=\"async\" loading=\"lazy\" class=\"alignnone size-full wp-image-109\" src=\"http:\/\/www.aygunmobilya.com\/wp-content\/uploads\/2016\/02\/wurth.png\" alt=\"W\u00dcRTH\" width=\"284\" height=\"100\" \/>[\/vc_column_text][\/vc_column_inner][vc_column_inner width=&#8221;1\/3&#8243;][vc_column_text]<img decoding=\"async\" loading=\"lazy\" class=\"alignnone size-full wp-image-114\" src=\"http:\/\/www.aygunmobilya.com\/wp-content\/uploads\/2016\/02\/HAFELE.png\" alt=\"HAFELE\" width=\"284\" height=\"100\" \/>[\/vc_column_text][\/vc_column_inner][vc_column_inner width=&#8221;1\/3&#8243;][vc_column_text]<img decoding=\"async\" loading=\"lazy\" class=\"alignnone size-full wp-image-113\" src=\"http:\/\/www.aygunmobilya.com\/wp-content\/uploads\/2016\/02\/interdekor.png\" alt=\"interdekor\" width=\"284\" height=\"100\" \/>[\/vc_column_text][\/vc_column_inner][\/vc_row_inner][\/vc_column][\/vc_row]<\/p>\n<\/section>","protected":false},"excerpt":{"rendered":"<p>[vc_row full_width=&#8221;stretch_row_content_no_spaces&#8221; css=&#8221;.vc_custom_1571923504001{margin-top: -20px !important;}&#8221;][vc_column][vc_images_carousel images=&#8221;14,16,13,12&#8243; img_size=&#8221;1920&#215;780&#8243; onclick=&#8221;link_no&#8221; autoplay=&#8221;yes&#8221;][\/vc_column][\/vc_row][vc_row css=&#8221;.vc_custom_1455291626669{margin-bottom: -40px !important;}&#8221;][vc_column width=&#8221;1\/6&#8243;][vc_column_text] \u00c7\u00f6z\u00fcm Ortaklar\u0131m\u0131z [\/vc_column_text][\/vc_column][vc_column width=&#8221;5\/6&#8243;][vc_row_inner][vc_column_inner width=&#8221;1\/3&#8243;][vc_column_text][\/vc_column_text][\/vc_column_inner][vc_column_inner width=&#8221;1\/3&#8243;][vc_column_text][\/vc_column_text][\/vc_column_inner][vc_column_inner width=&#8221;1\/3&#8243;][vc_column_text][\/vc_column_text][\/vc_column_inner][\/vc_row_inner][\/vc_column][\/vc_row]<\/p>\n","protected":false},"author":1,"featured_media":0,"parent":0,"menu_order":0,"comment_status":"closed","ping_status":"open","template":"","meta":[],"aioseo_notices":[],"_links":{"self":[{"href":"https:\/\/www.aygunmobilya.com\/en\/wp-json\/wp\/v2\/pages\/2"}],"collection":[{"href":"https:\/\/www.aygunmobilya.com\/en\/wp-json\/wp\/v2\/pages"}],"about":[{"href":"https:\/\/www.aygunmobilya.com\/en\/wp-json\/wp\/v2\/types\/page"}],"author":[{"embeddable":true,"href":"https:\/\/www.aygunmobilya.com\/en\/wp-json\/wp\/v2\/users\/1"}],"replies":[{"embeddable":true,"href":"https:\/\/www.aygunmobilya.com\/en\/wp-json\/wp\/v2\/comments?post=2"}],"version-history":[{"count":0,"href":"https:\/\/www.aygunmobilya.com\/en\/wp-json\/wp\/v2\/pages\/2\/revisions"}],"wp:attachment":[{"href":"https:\/\/www.aygunmobilya.com\/en\/wp-json\/wp\/v2\/media?parent=2"}],"curies":[{"name":"wp","href":"https:\/\/api.w.org\/{rel}","templated":true}]}}